{"id":1733,"date":"2024-08-28T16:51:17","date_gmt":"2024-08-28T20:51:17","guid":{"rendered":"https:\/\/simtrastg.wpenginepowered.com\/halle-westfalen-deutschland\/"},"modified":"2026-01-08T11:59:08","modified_gmt":"2026-01-08T16:59:08","slug":"halle-westfalen-deutschland","status":"publish","type":"page","link":"https:\/\/simtra.com\/de\/unsere-einrichtungen\/halle-westfalen-deutschland\/","title":{"rendered":"Halle\/Westfalen, Deutschland"},"content":{"rendered":"","protected":false},"excerpt":{"rendered":"","protected":false},"author":1,"featured_media":0,"parent":1759,"menu_order":0,"comment_status":"closed","ping_status":"closed","template":"","meta":{"_acf_changed":false,"_relevanssi_hide_post":"","_relevanssi_hide_content":"","_relevanssi_pin_for_all":"","_relevanssi_pin_keywords":"","_relevanssi_unpin_keywords":"","_relevanssi_related_keywords":"","_relevanssi_related_include_ids":"","_relevanssi_related_exclude_ids":"","_relevanssi_related_no_append":"","_relevanssi_related_not_related":"","_relevanssi_related_posts":"","_relevanssi_noindex_reason":"","footnotes":""},"class_list":["post-1733","page","type-page","status-publish","hentry"],"acf":[],"yoast_head":"<!-- This site is optimized with the Yoast SEO plugin v27.3 - https:\/\/yoast.com\/product\/yoast-seo-wordpress\/ -->\n<title>Standort Deutschland &#8212; Simtra BioPharma Solutions<\/title>\n<meta name=\"description\" content=\"Der Simtra-Standort in Halle\/Westfalen, Deutschland, z\u00e4hlt zu den weltweit f\u00fchrenden Herstellern zytotoxischer und hochwirksamer Arzneimittel und wird derzeit erweitert, um Kapazit\u00e4ten und Kompetenzen weiter auszubauen.\" \/>\n<meta name=\"robots\" content=\"index, follow, max-snippet:-1, max-image-preview:large, max-video-preview:-1\" \/>\n<link rel=\"canonical\" href=\"https:\/\/simtra.com\/de\/unsere-einrichtungen\/halle-westfalen-deutschland\/\" \/>\n<meta property=\"og:locale\" content=\"de_DE\" \/>\n<meta property=\"og:type\" content=\"article\" \/>\n<meta property=\"og:title\" content=\"Standort Deutschland &#8212; Simtra BioPharma Solutions\" \/>\n<meta property=\"og:description\" content=\"Der Simtra-Standort in Halle\/Westfalen, Deutschland, z\u00e4hlt zu den weltweit f\u00fchrenden Herstellern zytotoxischer und hochwirksamer Arzneimittel und wird derzeit erweitert, um Kapazit\u00e4ten und Kompetenzen weiter auszubauen.\" \/>\n<meta property=\"og:url\" content=\"https:\/\/simtra.com\/de\/unsere-einrichtungen\/halle-westfalen-deutschland\/\" \/>\n<meta property=\"og:site_name\" content=\"Simtra BioPharma Solutions\" \/>\n<meta property=\"article:modified_time\" content=\"2026-01-08T16:59:08+00:00\" \/>\n<meta name=\"twitter:card\" content=\"summary_large_image\" \/>\n<script type=\"application\/ld+json\" class=\"yoast-schema-graph\">{\"@context\":\"https:\\\/\\\/schema.org\",\"@graph\":[{\"@type\":\"WebPage\",\"@id\":\"https:\\\/\\\/simtra.com\\\/de\\\/unsere-einrichtungen\\\/halle-westfalen-deutschland\\\/\",\"url\":\"https:\\\/\\\/simtra.com\\\/de\\\/unsere-einrichtungen\\\/halle-westfalen-deutschland\\\/\",\"name\":\"Standort Deutschland &#8212; Simtra BioPharma Solutions\",\"isPartOf\":{\"@id\":\"https:\\\/\\\/simtra.com\\\/de\\\/#website\"},\"datePublished\":\"2024-08-28T20:51:17+00:00\",\"dateModified\":\"2026-01-08T16:59:08+00:00\",\"description\":\"Der Simtra-Standort in Halle\\\/Westfalen, Deutschland, z\u00e4hlt zu den weltweit f\u00fchrenden Herstellern zytotoxischer und hochwirksamer Arzneimittel und wird derzeit erweitert, um Kapazit\u00e4ten und Kompetenzen weiter auszubauen.\",\"breadcrumb\":{\"@id\":\"https:\\\/\\\/simtra.com\\\/de\\\/unsere-einrichtungen\\\/halle-westfalen-deutschland\\\/#breadcrumb\"},\"inLanguage\":\"de-DE\",\"potentialAction\":[{\"@type\":\"ReadAction\",\"target\":[\"https:\\\/\\\/simtra.com\\\/de\\\/unsere-einrichtungen\\\/halle-westfalen-deutschland\\\/\"]}]},{\"@type\":\"BreadcrumbList\",\"@id\":\"https:\\\/\\\/simtra.com\\\/de\\\/unsere-einrichtungen\\\/halle-westfalen-deutschland\\\/#breadcrumb\",\"itemListElement\":[{\"@type\":\"ListItem\",\"position\":1,\"name\":\"Home\",\"item\":\"https:\\\/\\\/simtra.com\\\/de\\\/\"},{\"@type\":\"ListItem\",\"position\":2,\"name\":\"Unsere Standorte\",\"item\":\"https:\\\/\\\/simtra.com\\\/de\\\/unsere-einrichtungen\\\/\"},{\"@type\":\"ListItem\",\"position\":3,\"name\":\"Halle\\\/Westfalen, Deutschland\"}]},{\"@type\":\"WebSite\",\"@id\":\"https:\\\/\\\/simtra.com\\\/de\\\/#website\",\"url\":\"https:\\\/\\\/simtra.com\\\/de\\\/\",\"name\":\"Simtra BioPharma Solutions\",\"description\":\"\",\"publisher\":{\"@id\":\"https:\\\/\\\/simtra.com\\\/de\\\/#organization\"},\"potentialAction\":[{\"@type\":\"SearchAction\",\"target\":{\"@type\":\"EntryPoint\",\"urlTemplate\":\"https:\\\/\\\/simtra.com\\\/de\\\/?s={search_term_string}\"},\"query-input\":{\"@type\":\"PropertyValueSpecification\",\"valueRequired\":true,\"valueName\":\"search_term_string\"}}],\"inLanguage\":\"de-DE\"},{\"@type\":\"Organization\",\"@id\":\"https:\\\/\\\/simtra.com\\\/de\\\/#organization\",\"name\":\"Simtra BioPharma Solutions\",\"url\":\"https:\\\/\\\/simtra.com\\\/de\\\/\",\"logo\":{\"@type\":\"ImageObject\",\"inLanguage\":\"de-DE\",\"@id\":\"https:\\\/\\\/simtra.com\\\/de\\\/#\\\/schema\\\/logo\\\/image\\\/\",\"url\":\"https:\\\/\\\/simtra.com\\\/wp-content\\\/uploads\\\/2024\\\/08\\\/Simtra_Lockup_RGB__All_Black.png\",\"contentUrl\":\"https:\\\/\\\/simtra.com\\\/wp-content\\\/uploads\\\/2024\\\/08\\\/Simtra_Lockup_RGB__All_Black.png\",\"width\":1000,\"height\":390,\"caption\":\"Simtra BioPharma Solutions\"},\"image\":{\"@id\":\"https:\\\/\\\/simtra.com\\\/de\\\/#\\\/schema\\\/logo\\\/image\\\/\"}}]}<\/script>\n<!-- \/ Yoast SEO plugin. -->","yoast_head_json":{"title":"Standort Deutschland &#8212; Simtra BioPharma Solutions","description":"Der Simtra-Standort in Halle\/Westfalen, Deutschland, z\u00e4hlt zu den weltweit f\u00fchrenden Herstellern zytotoxischer und hochwirksamer Arzneimittel und wird derzeit erweitert, um Kapazit\u00e4ten und Kompetenzen weiter auszubauen.","robots":{"index":"index","follow":"follow","max-snippet":"max-snippet:-1","max-image-preview":"max-image-preview:large","max-video-preview":"max-video-preview:-1"},"canonical":"https:\/\/simtra.com\/de\/unsere-einrichtungen\/halle-westfalen-deutschland\/","og_locale":"de_DE","og_type":"article","og_title":"Standort Deutschland &#8212; Simtra BioPharma Solutions","og_description":"Der Simtra-Standort in Halle\/Westfalen, Deutschland, z\u00e4hlt zu den weltweit f\u00fchrenden Herstellern zytotoxischer und hochwirksamer Arzneimittel und wird derzeit erweitert, um Kapazit\u00e4ten und Kompetenzen weiter auszubauen.","og_url":"https:\/\/simtra.com\/de\/unsere-einrichtungen\/halle-westfalen-deutschland\/","og_site_name":"Simtra BioPharma Solutions","article_modified_time":"2026-01-08T16:59:08+00:00","twitter_card":"summary_large_image","schema":{"@context":"https:\/\/schema.org","@graph":[{"@type":"WebPage","@id":"https:\/\/simtra.com\/de\/unsere-einrichtungen\/halle-westfalen-deutschland\/","url":"https:\/\/simtra.com\/de\/unsere-einrichtungen\/halle-westfalen-deutschland\/","name":"Standort Deutschland &#8212; Simtra BioPharma Solutions","isPartOf":{"@id":"https:\/\/simtra.com\/de\/#website"},"datePublished":"2024-08-28T20:51:17+00:00","dateModified":"2026-01-08T16:59:08+00:00","description":"Der Simtra-Standort in Halle\/Westfalen, Deutschland, z\u00e4hlt zu den weltweit f\u00fchrenden Herstellern zytotoxischer und hochwirksamer Arzneimittel und wird derzeit erweitert, um Kapazit\u00e4ten und Kompetenzen weiter auszubauen.","breadcrumb":{"@id":"https:\/\/simtra.com\/de\/unsere-einrichtungen\/halle-westfalen-deutschland\/#breadcrumb"},"inLanguage":"de-DE","potentialAction":[{"@type":"ReadAction","target":["https:\/\/simtra.com\/de\/unsere-einrichtungen\/halle-westfalen-deutschland\/"]}]},{"@type":"BreadcrumbList","@id":"https:\/\/simtra.com\/de\/unsere-einrichtungen\/halle-westfalen-deutschland\/#breadcrumb","itemListElement":[{"@type":"ListItem","position":1,"name":"Home","item":"https:\/\/simtra.com\/de\/"},{"@type":"ListItem","position":2,"name":"Unsere Standorte","item":"https:\/\/simtra.com\/de\/unsere-einrichtungen\/"},{"@type":"ListItem","position":3,"name":"Halle\/Westfalen, Deutschland"}]},{"@type":"WebSite","@id":"https:\/\/simtra.com\/de\/#website","url":"https:\/\/simtra.com\/de\/","name":"Simtra BioPharma Solutions","description":"","publisher":{"@id":"https:\/\/simtra.com\/de\/#organization"},"potentialAction":[{"@type":"SearchAction","target":{"@type":"EntryPoint","urlTemplate":"https:\/\/simtra.com\/de\/?s={search_term_string}"},"query-input":{"@type":"PropertyValueSpecification","valueRequired":true,"valueName":"search_term_string"}}],"inLanguage":"de-DE"},{"@type":"Organization","@id":"https:\/\/simtra.com\/de\/#organization","name":"Simtra BioPharma Solutions","url":"https:\/\/simtra.com\/de\/","logo":{"@type":"ImageObject","inLanguage":"de-DE","@id":"https:\/\/simtra.com\/de\/#\/schema\/logo\/image\/","url":"https:\/\/simtra.com\/wp-content\/uploads\/2024\/08\/Simtra_Lockup_RGB__All_Black.png","contentUrl":"https:\/\/simtra.com\/wp-content\/uploads\/2024\/08\/Simtra_Lockup_RGB__All_Black.png","width":1000,"height":390,"caption":"Simtra BioPharma Solutions"},"image":{"@id":"https:\/\/simtra.com\/de\/#\/schema\/logo\/image\/"}}]}},"_links":{"self":[{"href":"https:\/\/simtra.com\/de\/wp-json\/wp\/v2\/pages\/1733","targetHints":{"allow":["GET"]}}],"collection":[{"href":"https:\/\/simtra.com\/de\/wp-json\/wp\/v2\/pages"}],"about":[{"href":"https:\/\/simtra.com\/de\/wp-json\/wp\/v2\/types\/page"}],"author":[{"embeddable":true,"href":"https:\/\/simtra.com\/de\/wp-json\/wp\/v2\/users\/1"}],"replies":[{"embeddable":true,"href":"https:\/\/simtra.com\/de\/wp-json\/wp\/v2\/comments?post=1733"}],"version-history":[{"count":0,"href":"https:\/\/simtra.com\/de\/wp-json\/wp\/v2\/pages\/1733\/revisions"}],"up":[{"embeddable":true,"href":"https:\/\/simtra.com\/de\/wp-json\/wp\/v2\/pages\/1759"}],"wp:attachment":[{"href":"https:\/\/simtra.com\/de\/wp-json\/wp\/v2\/media?parent=1733"}],"curies":[{"name":"wp","href":"https:\/\/api.w.org\/{rel}","templated":true}]}}